{"id":32,"date":"2024-11-04T15:13:04","date_gmt":"2024-11-04T15:13:04","guid":{"rendered":"https:\/\/sysdomain.pt\/wp2\/our-story\/"},"modified":"2024-11-19T16:06:29","modified_gmt":"2024-11-19T16:06:29","slug":"sobre-nos","status":"publish","type":"page","link":"https:\/\/sysdomain.pt\/wp2\/inicio\/sobre-nos\/","title":{"rendered":"sobre n\u00f3s"},"content":{"rendered":"\t\t<div data-elementor-type=\"wp-page\" data-elementor-id=\"32\" class=\"elementor elementor-32\" data-elementor-post-type=\"page\">\n\t\t\t\t<div class=\"elementor-element elementor-element-47a8853c e-con-full e-flex e-con e-parent\" data-id=\"47a8853c\" data-element_type=\"container\" data-settings=\"{&quot;animation&quot;:&quot;none&quot;}\">\n\t\t<div class=\"elementor-element elementor-element-17565af1 e-con-full e-flex e-con e-child\" data-id=\"17565af1\" data-element_type=\"container\" data-settings=\"{&quot;background_background&quot;:&quot;classic&quot;}\">\n\t\t\t\t<\/div>\n\t\t<div class=\"elementor-element elementor-element-8734fb e-con-full e-flex e-con e-child\" data-id=\"8734fb\" data-element_type=\"container\">\n\t\t\t\t<div class=\"elementor-element elementor-element-12836e92 elementor-widget elementor-widget-heading\" data-id=\"12836e92\" data-element_type=\"widget\" data-widget_type=\"heading.default\">\n\t\t\t\t<div class=\"elementor-widget-container\">\n\t\t\t\t\t<h6 class=\"elementor-heading-title elementor-size-default\">A Brief Heading<\/h6>\t\t\t\t<\/div>\n\t\t\t\t<\/div>\n\t\t\t\t<div class=\"elementor-element elementor-element-3fd0410 elementor-widget elementor-widget-heading\" data-id=\"3fd0410\" data-element_type=\"widget\" data-widget_type=\"heading.default\">\n\t\t\t\t<div class=\"elementor-widget-container\">\n\t\t\t\t\t<h1 class=\"elementor-heading-title elementor-size-default\">Sobre N\u00f3s<\/h1>\t\t\t\t<\/div>\n\t\t\t\t<\/div>\n\t\t\t\t<div class=\"elementor-element elementor-element-662ba29b elementor-widget elementor-widget-text-editor\" data-id=\"662ba29b\" data-element_type=\"widget\" data-settings=\"{&quot;_animation&quot;:&quot;none&quot;,&quot;_animation_delay&quot;:400}\" data-widget_type=\"text-editor.default\">\n\t\t\t\t<div class=\"elementor-widget-container\">\n\t\t\t\t\t\t\t\t\t<p class=\"has-cyan-bluish-gray-color has-text-color\">Somos uma empresa de Consultoria Inform\u00e1tica criada em 2000, especializada em servi\u00e7os, gest\u00e3o, manuten\u00e7\u00e3o e monitoriza\u00e7\u00e3o de sistemas inform\u00e1ticos.<\/p><p class=\"has-cyan-bluish-gray-color has-text-color\">Apostamos no acesso a compet\u00eancias das TI que permitem acelerar e introduzir processos de inova\u00e7\u00e3o, bem como melhorar o desempenho de infraestruturas complexas com manifesta diminui\u00e7\u00e3o das necessidades de investimento tecnol\u00f3gico.<\/p><p class=\"has-cyan-bluish-gray-color has-text-color\">Na Sysdomain trabalhamos para que os nossos clientes se foquem no potencial do seu neg\u00f3cio, libertando recursos e permitindo concentrar esfor\u00e7os no core da sua organiza\u00e7\u00e3o.<\/p>\t\t\t\t\t\t\t\t<\/div>\n\t\t\t\t<\/div>\n\t\t\t\t<\/div>\n\t\t\t\t<\/div>\n\t\t<div class=\"elementor-element elementor-element-243b162b e-con-full e-flex e-con e-parent\" data-id=\"243b162b\" data-element_type=\"container\" id=\"os-nossos-valores\">\n\t\t<div class=\"elementor-element elementor-element-46fd6c19 e-con-full e-flex e-con e-child\" data-id=\"46fd6c19\" data-element_type=\"container\">\n\t\t\t\t<div class=\"elementor-element elementor-element-642346c5 elementor-widget elementor-widget-heading\" data-id=\"642346c5\" data-element_type=\"widget\" data-widget_type=\"heading.default\">\n\t\t\t\t<div class=\"elementor-widget-container\">\n\t\t\t\t\t<h2 class=\"elementor-heading-title elementor-size-default\">Os Nossos Valores<\/h2>\t\t\t\t<\/div>\n\t\t\t\t<\/div>\n\t\t\t\t<\/div>\n\t\t<div class=\"elementor-element elementor-element-3d9f884 e-con-full e-flex e-con e-child\" data-id=\"3d9f884\" data-element_type=\"container\">\n\t\t<div class=\"elementor-element elementor-element-6bbade5 e-con-full e-flex e-con e-child\" data-id=\"6bbade5\" data-element_type=\"container\" data-settings=\"{&quot;background_background&quot;:&quot;classic&quot;}\">\n\t\t\t\t<div class=\"elementor-element elementor-element-4a4db1f elementor-widget__width-initial elementor-widget-mobile__width-inherit elementor-widget elementor-widget-text-editor\" data-id=\"4a4db1f\" data-element_type=\"widget\" data-widget_type=\"text-editor.default\">\n\t\t\t\t<div class=\"elementor-widget-container\">\n\t\t\t\t\t\t\t\t\t<h3><strong>1. Inova\u00e7\u00e3o e Transforma\u00e7\u00e3o Digital<\/strong><\/h3><p>Estamos comprometidos com a transforma\u00e7\u00e3o digital de nossos clientes, oferecendo solu\u00e7\u00f5es de TI que permitem acompanhar as r\u00e1pidas evolu\u00e7\u00f5es tecnol\u00f3gicas, tornando os neg\u00f3cios mais competitivos e inovadores.<\/p><h3><strong>2. Efici\u00eancia e Otimiza\u00e7\u00e3o de Processos<\/strong><\/h3><p>Priorizamos a produtividade e a efici\u00eancia em todas as solu\u00e7\u00f5es, focando na simplifica\u00e7\u00e3o de processos e redu\u00e7\u00e3o de custos para que os nossos clientes possam concentrar-se no core dos seus neg\u00f3cios.<\/p><h3><strong>3. Seguran\u00e7a e Conformidade<\/strong><\/h3><p>Valorizamos a seguran\u00e7a e a conformidade com as regulamenta\u00e7\u00f5es, garantindo que nossas solu\u00e7\u00f5es respeitam os mais altos padr\u00f5es de seguran\u00e7a e requisitos legais, essenciais para a confian\u00e7a e integridade dos neg\u00f3cios.<\/p><h3><strong>4. Flexibilidade e Adapta\u00e7\u00e3o \u00e0s Necessidades do Cliente<\/strong><\/h3><p>Oferecemos servi\u00e7os adapt\u00e1veis, incluindo suporte cont\u00ednuo, consultoria personalizada e software sob medida, que se ajustam ao perfil de cada empresa, desde pequenas at\u00e9 grandes organiza\u00e7\u00f5es.<\/p>\t\t\t\t\t\t\t\t<\/div>\n\t\t\t\t<\/div>\n\t\t\t\t<\/div>\n\t\t<div class=\"elementor-element elementor-element-e6974f8 e-con-full e-flex e-con e-child\" data-id=\"e6974f8\" data-element_type=\"container\" data-settings=\"{&quot;background_background&quot;:&quot;classic&quot;}\">\n\t\t\t\t<div class=\"elementor-element elementor-element-4eb2f7f elementor-widget__width-initial elementor-widget-mobile__width-inherit elementor-widget elementor-widget-text-editor\" data-id=\"4eb2f7f\" data-element_type=\"widget\" data-widget_type=\"text-editor.default\">\n\t\t\t\t<div class=\"elementor-widget-container\">\n\t\t\t\t\t\t\t\t\t<h3><strong>5. Parceria e Compromisso com o Sucesso do Cliente<\/strong><\/h3><p>Acreditamos que o nosso sucesso est\u00e1 atrelado ao sucesso dos nossos clientes. Trabalhamos como parceiros estrat\u00e9gicos, garantindo uma rela\u00e7\u00e3o de confian\u00e7a m\u00fatua e orientada para resultados.<\/p><h3><strong>6. Expertise e Excel\u00eancia T\u00e9cnica<\/strong><\/h3><p>Com mais de duas d\u00e9cadas de experi\u00eancia, a nossa equipe de especialistas dedica-se \u00e0 excel\u00eancia e \u00e0 melhoria cont\u00ednua, utilizando as melhores pr\u00e1ticas de mercado para oferecer solu\u00e7\u00f5es eficazes e de alta qualidade.<\/p><h3><strong>7. Sustentabilidade e Responsabilidade<\/strong><\/h3><p>Consideramos o impacto de nossas opera\u00e7\u00f5es e promovemos pr\u00e1ticas sustent\u00e1veis, buscando solu\u00e7\u00f5es tecnol\u00f3gicas que contribuam para um futuro mais sustent\u00e1vel e eficiente.<\/p>\t\t\t\t\t\t\t\t<\/div>\n\t\t\t\t<\/div>\n\t\t\t\t<\/div>\n\t\t\t\t<\/div>\n\t\t\t\t<\/div>\n\t\t<div class=\"elementor-element elementor-element-5d631df e-flex e-con-boxed e-con e-parent\" data-id=\"5d631df\" data-element_type=\"container\" id=\"carreira\" data-settings=\"{&quot;background_background&quot;:&quot;classic&quot;}\">\n\t\t\t\t\t<div class=\"e-con-inner\">\n\t\t\t\t<div class=\"elementor-element elementor-element-0dec694 elementor-widget elementor-widget-heading\" data-id=\"0dec694\" data-element_type=\"widget\" data-widget_type=\"heading.default\">\n\t\t\t\t<div class=\"elementor-widget-container\">\n\t\t\t\t\t<h2 class=\"elementor-heading-title elementor-size-default\">Carreira Profissional de S\u00e9rgio Sarabando<\/h2>\t\t\t\t<\/div>\n\t\t\t\t<\/div>\n\t\t\t\t<div class=\"elementor-element elementor-element-fa1ef8c elementor-widget elementor-widget-text-editor\" data-id=\"fa1ef8c\" data-element_type=\"widget\" data-widget_type=\"text-editor.default\">\n\t\t\t\t<div class=\"elementor-widget-container\">\n\t\t\t\t\t\t\t\t\t<p><strong>In\u00edcio da Carreira e Forma\u00e7\u00e3o<\/strong><br>Ap\u00f3s concluir a sua forma\u00e7\u00e3o acad\u00e9mica, S\u00e9rgio Sarabando iniciou a sua carreira em 1989, ingressando no mercado de tecnologia como gestor de sistemas VAX\/VMS e programador em Pascal e C++. Este primeiro passo marcou o in\u00edcio de uma s\u00f3lida traject\u00f3ria em tecnologia da informa\u00e7\u00e3o, focada na programa\u00e7\u00e3o e an\u00e1lise de sistemas. Nos primeiros anos, S\u00e9rgio trabalhou em v\u00e1rias software houses de renome, onde desenvolveu e aperfei\u00e7oou as suas compet\u00eancias t\u00e9cnicas, especialmente em linguagens de programa\u00e7\u00e3o e sistemas complexos.<\/p>\n<p><strong><br><\/strong><\/p><p><strong>Ascens\u00e3o na Liscont (1992 \u2013 2001)<\/strong><br>Em 1992, S\u00e9rgio Sarabando juntou-se \u00e0 Liscont, onde come\u00e7ou como analista programador. Com dom\u00ednio de linguagens como Pascal e C++, destacou-se rapidamente pela sua habilidade t\u00e9cnica e capacidade de lideran\u00e7a. Ao longo dos anos, assumiu responsabilidades cada vez maiores, liderando projetos estrat\u00e9gicos e contribuindo para o desenvolvimento de solu\u00e7\u00f5es inovadoras para a empresa. Este esfor\u00e7o culminou na sua promo\u00e7\u00e3o ao cargo de Director T\u00e9cnico nos \u00faltimos anos de sua passagem pela Liscont, posi\u00e7\u00e3o que consolidou a sua reputa\u00e7\u00e3o como um profissional de alto desempenho e lideran\u00e7a estrat\u00e9gica na \u00e1rea de TI.<\/p>\n<p><strong><br><\/strong><\/p><p><strong>Director Geral na Lisprojeto (2001 \u2013 2007)<\/strong><br>Em 2001, S\u00e9rgio Sarabando foi convidado a ingressar na Lisprojeto, uma empresa do grupo Tertir dedicada ao desenvolvimento de solu\u00e7\u00f5es tecnol\u00f3gicas avan\u00e7adas. Como Director Geral, S\u00e9rgio n\u00e3o s\u00f3 supervisionou projectos de TI, como tamb\u00e9m aplicou o seu conhecimento em processos de gest\u00e3o empresarial, incluindo a optimiza\u00e7\u00e3o de opera\u00e7\u00f5es, o desenvolvimento de estrat\u00e9gias de neg\u00f3cio e a implementa\u00e7\u00e3o de pr\u00e1ticas de gest\u00e3o para alinhar os objectivos da empresa com as necessidades do mercado. Sob a sua lideran\u00e7a, a Lisprojeto expandiu a sua actua\u00e7\u00e3o e alcan\u00e7ou novos patamares, com processos mais eficientes e solu\u00e7\u00f5es robustas para responder a um mercado em constante evolu\u00e7\u00e3o.<\/p>\n<p><strong><br><\/strong><\/p><p><strong>Director T\u00e9cnico na Sysdomain (2007 \u2013 Presente)<\/strong><br>Em 2007, S\u00e9rgio Sarabando assumiu o cargo de Director T\u00e9cnico na Sysdomain, onde continua a liderar com uma combina\u00e7\u00e3o de experi\u00eancia t\u00e9cnica e vis\u00e3o estrat\u00e9gica. Na Sysdomain, S\u00e9rgio \u00e9 respons\u00e1vel por coordenar o desenvolvimento de solu\u00e7\u00f5es inovadoras em TI, al\u00e9m de actuar na melhoria dos processos de gest\u00e3o empresarial para garantir que a empresa opere de forma optimizada e eficiente. A sua actua\u00e7\u00e3o abrange desde a gest\u00e3o de equipas e a implementa\u00e7\u00e3o de novas tecnologias at\u00e9 \u00e0 optimiza\u00e7\u00e3o de processos internos, permitindo que a Sysdomain responda rapidamente \u00e0s mudan\u00e7as e exig\u00eancias do sector de tecnologia.<\/p>\n<p><strong><br><\/strong><\/p><p><strong>Resumo das Compet\u00eancias<\/strong><br>Ao longo de mais de tr\u00eas d\u00e9cadas de experi\u00eancia, S\u00e9rgio Sarabando desenvolveu um conjunto abrangente de compet\u00eancias t\u00e9cnicas e de gest\u00e3o, incluindo:<br>&#8211; Gest\u00e3o de sistemas complexos (VAX\/VMS);<br>&#8211; Programa\u00e7\u00e3o avan\u00e7ada em Pascal, C++ e outras linguagens;<br>&#8211; An\u00e1lise e desenvolvimento de software;<br>&#8211; Gest\u00e3o de processos empresariais e implementa\u00e7\u00e3o de estrat\u00e9gias de neg\u00f3cio;<br>&#8211; Lideran\u00e7a e direc\u00e7\u00e3o de equipas t\u00e9cnicas;<br>&#8211; Desenvolvimento de neg\u00f3cios e expans\u00e3o de empresas de TI;<br>&#8211; Gest\u00e3o de projectos complexos e implementa\u00e7\u00e3o de solu\u00e7\u00f5es inovadoras.<\/p>\n<p>S\u00e9rgio Sarabando construiu uma carreira assente na inova\u00e7\u00e3o, na capacidade de adapta\u00e7\u00e3o e na excel\u00eancia em gest\u00e3o e tecnologia, sendo hoje uma refer\u00eancia s\u00f3lida no sector das tecnologias de informa\u00e7\u00e3o e gest\u00e3o&nbsp;empresarial.<\/p>\t\t\t\t\t\t\t\t<\/div>\n\t\t\t\t<\/div>\n\t\t\t\t<div class=\"elementor-element elementor-element-bbe3c14 elementor-cta--skin-cover elementor-animated-content elementor-bg-transform elementor-bg-transform-zoom-in elementor-widget elementor-widget-call-to-action\" data-id=\"bbe3c14\" data-element_type=\"widget\" data-widget_type=\"call-to-action.default\">\n\t\t\t\t<div class=\"elementor-widget-container\">\n\t\t\t\t\t\t\t<a class=\"elementor-cta\" href=\"https:\/\/sysdomain.pt\/wp2\/contactos\/\">\n\t\t\t\t\t<div class=\"elementor-cta__bg-wrapper\">\n\t\t\t\t<div class=\"elementor-cta__bg elementor-bg\" style=\"background-image: url();\" role=\"img\" aria-label=\"\"><\/div>\n\t\t\t\t<div class=\"elementor-cta__bg-overlay\"><\/div>\n\t\t\t<\/div>\n\t\t\t\t\t\t\t<div class=\"elementor-cta__content\">\n\t\t\t\t\n\t\t\t\t\n\t\t\t\t\n\t\t\t\t\t\t\t\t\t<div class=\"elementor-cta__button-wrapper elementor-cta__content-item elementor-content-item elementor-animated-item--grow\">\n\t\t\t\t\t<span class=\"elementor-cta__button elementor-button elementor-size-\">\n\t\t\t\t\t\tOBTER MAIS INFORMA\u00c7\u00d5ES\t\t\t\t\t<\/span>\n\t\t\t\t\t<\/div>\n\t\t\t\t\t\t\t<\/div>\n\t\t\t\t\t\t<\/a>\n\t\t\t\t\t\t<\/div>\n\t\t\t\t<\/div>\n\t\t\t\t\t<\/div>\n\t\t\t\t<\/div>\n\t\t\t\t<\/div>\n\t\t","protected":false},"excerpt":{"rendered":"<p>Consultoria Inform\u00e1tica especializada em gest\u00e3o, manuten\u00e7\u00e3o e monitoriza\u00e7\u00e3o de sistemas. Oferecemos servi\u00e7os de auditoria, site survey, servi\u00e7os cloud, gest\u00e3o de sistemas, desenvolvimento e suporte a CEGID Eticadata. Desde 2000, impulsionamos inova\u00e7\u00e3o e melhoramos o desempenho de infraestruturas, permitindo que nossos clientes se concentrem no core do seu neg\u00f3cio.<\/p>\n","protected":false},"author":1,"featured_media":99,"parent":36,"menu_order":0,"comment_status":"closed","ping_status":"closed","template":"elementor_header_footer","meta":{"om_disable_all_campaigns":false,"_monsterinsights_skip_tracking":false,"_monsterinsights_sitenote_active":false,"_monsterinsights_sitenote_note":"","_monsterinsights_sitenote_category":0,"_uf_show_specific_survey":0,"_uf_disable_surveys":false,"footnotes":""},"class_list":["post-32","page","type-page","status-publish","has-post-thumbnail","hentry"],"aioseo_notices":[],"yoast_head":"<!-- This site is optimized with the Yoast SEO plugin v23.7 - https:\/\/yoast.com\/wordpress\/plugins\/seo\/ -->\n<title>sobre n\u00f3s - Sysdomain<\/title>\n<meta name=\"robots\" content=\"index, follow, max-snippet:-1, max-image-preview:large, max-video-preview:-1\" \/>\n<link rel=\"canonical\" href=\"https:\/\/sysdomain.pt\/wp2\/inicio\/sobre-nos\/\" \/>\n<meta property=\"og:locale\" content=\"pt_PT\" \/>\n<meta property=\"og:type\" content=\"article\" \/>\n<meta property=\"og:title\" content=\"sobre n\u00f3s - Sysdomain\" \/>\n<meta property=\"og:description\" content=\"Consultoria Inform\u00e1tica especializada em gest\u00e3o, manuten\u00e7\u00e3o e monitoriza\u00e7\u00e3o de sistemas. Oferecemos servi\u00e7os de auditoria, site survey, servi\u00e7os cloud, gest\u00e3o de sistemas, desenvolvimento e suporte a CEGID Eticadata. Desde 2000, impulsionamos inova\u00e7\u00e3o e melhoramos o desempenho de infraestruturas, permitindo que nossos clientes se concentrem no core do seu neg\u00f3cio.\" \/>\n<meta property=\"og:url\" content=\"https:\/\/sysdomain.pt\/wp2\/inicio\/sobre-nos\/\" \/>\n<meta property=\"og:site_name\" content=\"Sysdomain\" \/>\n<meta property=\"article:publisher\" content=\"https:\/\/www.facebook.com\/Sysdomain\" \/>\n<meta property=\"article:modified_time\" content=\"2024-11-19T16:06:29+00:00\" \/>\n<meta property=\"og:image\" content=\"https:\/\/sysdomain.pt\/wp2\/wp-content\/uploads\/2024\/11\/inicio_-sysdomain_03-e1730739514136.jpeg\" \/>\n\t<meta property=\"og:image:width\" content=\"1024\" \/>\n\t<meta property=\"og:image:height\" content=\"484\" \/>\n\t<meta property=\"og:image:type\" content=\"image\/jpeg\" \/>\n<meta name=\"twitter:card\" content=\"summary_large_image\" \/>\n<meta name=\"twitter:label1\" content=\"Tempo estimado de leitura\" \/>\n\t<meta name=\"twitter:data1\" content=\"5 minutos\" \/>\n<script type=\"application\/ld+json\" class=\"yoast-schema-graph\">{\"@context\":\"https:\/\/schema.org\",\"@graph\":[{\"@type\":\"WebPage\",\"@id\":\"https:\/\/sysdomain.pt\/wp2\/inicio\/sobre-nos\/\",\"url\":\"https:\/\/sysdomain.pt\/wp2\/inicio\/sobre-nos\/\",\"name\":\"sobre n\u00f3s - Sysdomain\",\"isPartOf\":{\"@id\":\"https:\/\/sysdomain.pt\/wp2\/#website\"},\"primaryImageOfPage\":{\"@id\":\"https:\/\/sysdomain.pt\/wp2\/inicio\/sobre-nos\/#primaryimage\"},\"image\":{\"@id\":\"https:\/\/sysdomain.pt\/wp2\/inicio\/sobre-nos\/#primaryimage\"},\"thumbnailUrl\":\"https:\/\/sysdomain.pt\/wp2\/wp-content\/uploads\/2024\/11\/inicio_-sysdomain_03-e1730739514136.jpeg\",\"datePublished\":\"2024-11-04T15:13:04+00:00\",\"dateModified\":\"2024-11-19T16:06:29+00:00\",\"breadcrumb\":{\"@id\":\"https:\/\/sysdomain.pt\/wp2\/inicio\/sobre-nos\/#breadcrumb\"},\"inLanguage\":\"pt-PT\",\"potentialAction\":[{\"@type\":\"ReadAction\",\"target\":[\"https:\/\/sysdomain.pt\/wp2\/inicio\/sobre-nos\/\"]}]},{\"@type\":\"ImageObject\",\"inLanguage\":\"pt-PT\",\"@id\":\"https:\/\/sysdomain.pt\/wp2\/inicio\/sobre-nos\/#primaryimage\",\"url\":\"https:\/\/sysdomain.pt\/wp2\/wp-content\/uploads\/2024\/11\/inicio_-sysdomain_03-e1730739514136.jpeg\",\"contentUrl\":\"https:\/\/sysdomain.pt\/wp2\/wp-content\/uploads\/2024\/11\/inicio_-sysdomain_03-e1730739514136.jpeg\",\"width\":1024,\"height\":484},{\"@type\":\"BreadcrumbList\",\"@id\":\"https:\/\/sysdomain.pt\/wp2\/inicio\/sobre-nos\/#breadcrumb\",\"itemListElement\":[{\"@type\":\"ListItem\",\"position\":1,\"name\":\"In\u00edcio\",\"item\":\"https:\/\/sysdomain.pt\/wp2\/\"},{\"@type\":\"ListItem\",\"position\":2,\"name\":\"inicio\",\"item\":\"https:\/\/sysdomain.pt\/wp2\/\"},{\"@type\":\"ListItem\",\"position\":3,\"name\":\"sobre n\u00f3s\"}]},{\"@type\":\"WebSite\",\"@id\":\"https:\/\/sysdomain.pt\/wp2\/#website\",\"url\":\"https:\/\/sysdomain.pt\/wp2\/\",\"name\":\"Sysdomain\",\"description\":\"My WordPress Blog\",\"publisher\":{\"@id\":\"https:\/\/sysdomain.pt\/wp2\/#organization\"},\"potentialAction\":[{\"@type\":\"SearchAction\",\"target\":{\"@type\":\"EntryPoint\",\"urlTemplate\":\"https:\/\/sysdomain.pt\/wp2\/?s={search_term_string}\"},\"query-input\":{\"@type\":\"PropertyValueSpecification\",\"valueRequired\":true,\"valueName\":\"search_term_string\"}}],\"inLanguage\":\"pt-PT\"},{\"@type\":\"Organization\",\"@id\":\"https:\/\/sysdomain.pt\/wp2\/#organization\",\"name\":\"Sysdomain, Manuten\u00e7\u00e3o de Sistemas Inform\u00e1ticos Unip, Lda\",\"url\":\"https:\/\/sysdomain.pt\/wp2\/\",\"logo\":{\"@type\":\"ImageObject\",\"inLanguage\":\"pt-PT\",\"@id\":\"https:\/\/sysdomain.pt\/wp2\/#\/schema\/logo\/image\/\",\"url\":\"https:\/\/sysdomain.pt\/wp2\/wp-content\/uploads\/2024\/11\/logo-SYSdomain-4-1.bmp\",\"contentUrl\":\"https:\/\/sysdomain.pt\/wp2\/wp-content\/uploads\/2024\/11\/logo-SYSdomain-4-1.bmp\",\"width\":200,\"height\":80,\"caption\":\"Sysdomain, Manuten\u00e7\u00e3o de Sistemas Inform\u00e1ticos Unip, Lda\"},\"image\":{\"@id\":\"https:\/\/sysdomain.pt\/wp2\/#\/schema\/logo\/image\/\"},\"sameAs\":[\"https:\/\/www.facebook.com\/Sysdomain\"]}]}<\/script>\n<!-- \/ Yoast SEO plugin. -->","yoast_head_json":{"title":"sobre n\u00f3s - Sysdomain","robots":{"index":"index","follow":"follow","max-snippet":"max-snippet:-1","max-image-preview":"max-image-preview:large","max-video-preview":"max-video-preview:-1"},"canonical":"https:\/\/sysdomain.pt\/wp2\/inicio\/sobre-nos\/","og_locale":"pt_PT","og_type":"article","og_title":"sobre n\u00f3s - Sysdomain","og_description":"Consultoria Inform\u00e1tica especializada em gest\u00e3o, manuten\u00e7\u00e3o e monitoriza\u00e7\u00e3o de sistemas. Oferecemos servi\u00e7os de auditoria, site survey, servi\u00e7os cloud, gest\u00e3o de sistemas, desenvolvimento e suporte a CEGID Eticadata. Desde 2000, impulsionamos inova\u00e7\u00e3o e melhoramos o desempenho de infraestruturas, permitindo que nossos clientes se concentrem no core do seu neg\u00f3cio.","og_url":"https:\/\/sysdomain.pt\/wp2\/inicio\/sobre-nos\/","og_site_name":"Sysdomain","article_publisher":"https:\/\/www.facebook.com\/Sysdomain","article_modified_time":"2024-11-19T16:06:29+00:00","og_image":[{"width":1024,"height":484,"url":"https:\/\/sysdomain.pt\/wp2\/wp-content\/uploads\/2024\/11\/inicio_-sysdomain_03-e1730739514136.jpeg","type":"image\/jpeg"}],"twitter_card":"summary_large_image","twitter_misc":{"Tempo estimado de leitura":"5 minutos"},"schema":{"@context":"https:\/\/schema.org","@graph":[{"@type":"WebPage","@id":"https:\/\/sysdomain.pt\/wp2\/inicio\/sobre-nos\/","url":"https:\/\/sysdomain.pt\/wp2\/inicio\/sobre-nos\/","name":"sobre n\u00f3s - Sysdomain","isPartOf":{"@id":"https:\/\/sysdomain.pt\/wp2\/#website"},"primaryImageOfPage":{"@id":"https:\/\/sysdomain.pt\/wp2\/inicio\/sobre-nos\/#primaryimage"},"image":{"@id":"https:\/\/sysdomain.pt\/wp2\/inicio\/sobre-nos\/#primaryimage"},"thumbnailUrl":"https:\/\/sysdomain.pt\/wp2\/wp-content\/uploads\/2024\/11\/inicio_-sysdomain_03-e1730739514136.jpeg","datePublished":"2024-11-04T15:13:04+00:00","dateModified":"2024-11-19T16:06:29+00:00","breadcrumb":{"@id":"https:\/\/sysdomain.pt\/wp2\/inicio\/sobre-nos\/#breadcrumb"},"inLanguage":"pt-PT","potentialAction":[{"@type":"ReadAction","target":["https:\/\/sysdomain.pt\/wp2\/inicio\/sobre-nos\/"]}]},{"@type":"ImageObject","inLanguage":"pt-PT","@id":"https:\/\/sysdomain.pt\/wp2\/inicio\/sobre-nos\/#primaryimage","url":"https:\/\/sysdomain.pt\/wp2\/wp-content\/uploads\/2024\/11\/inicio_-sysdomain_03-e1730739514136.jpeg","contentUrl":"https:\/\/sysdomain.pt\/wp2\/wp-content\/uploads\/2024\/11\/inicio_-sysdomain_03-e1730739514136.jpeg","width":1024,"height":484},{"@type":"BreadcrumbList","@id":"https:\/\/sysdomain.pt\/wp2\/inicio\/sobre-nos\/#breadcrumb","itemListElement":[{"@type":"ListItem","position":1,"name":"In\u00edcio","item":"https:\/\/sysdomain.pt\/wp2\/"},{"@type":"ListItem","position":2,"name":"inicio","item":"https:\/\/sysdomain.pt\/wp2\/"},{"@type":"ListItem","position":3,"name":"sobre n\u00f3s"}]},{"@type":"WebSite","@id":"https:\/\/sysdomain.pt\/wp2\/#website","url":"https:\/\/sysdomain.pt\/wp2\/","name":"Sysdomain","description":"My WordPress Blog","publisher":{"@id":"https:\/\/sysdomain.pt\/wp2\/#organization"},"potentialAction":[{"@type":"SearchAction","target":{"@type":"EntryPoint","urlTemplate":"https:\/\/sysdomain.pt\/wp2\/?s={search_term_string}"},"query-input":{"@type":"PropertyValueSpecification","valueRequired":true,"valueName":"search_term_string"}}],"inLanguage":"pt-PT"},{"@type":"Organization","@id":"https:\/\/sysdomain.pt\/wp2\/#organization","name":"Sysdomain, Manuten\u00e7\u00e3o de Sistemas Inform\u00e1ticos Unip, Lda","url":"https:\/\/sysdomain.pt\/wp2\/","logo":{"@type":"ImageObject","inLanguage":"pt-PT","@id":"https:\/\/sysdomain.pt\/wp2\/#\/schema\/logo\/image\/","url":"https:\/\/sysdomain.pt\/wp2\/wp-content\/uploads\/2024\/11\/logo-SYSdomain-4-1.bmp","contentUrl":"https:\/\/sysdomain.pt\/wp2\/wp-content\/uploads\/2024\/11\/logo-SYSdomain-4-1.bmp","width":200,"height":80,"caption":"Sysdomain, Manuten\u00e7\u00e3o de Sistemas Inform\u00e1ticos Unip, Lda"},"image":{"@id":"https:\/\/sysdomain.pt\/wp2\/#\/schema\/logo\/image\/"},"sameAs":["https:\/\/www.facebook.com\/Sysdomain"]}]}},"_links":{"self":[{"href":"https:\/\/sysdomain.pt\/wp2\/wp-json\/wp\/v2\/pages\/32","targetHints":{"allow":["GET"]}}],"collection":[{"href":"https:\/\/sysdomain.pt\/wp2\/wp-json\/wp\/v2\/pages"}],"about":[{"href":"https:\/\/sysdomain.pt\/wp2\/wp-json\/wp\/v2\/types\/page"}],"author":[{"embeddable":true,"href":"https:\/\/sysdomain.pt\/wp2\/wp-json\/wp\/v2\/users\/1"}],"replies":[{"embeddable":true,"href":"https:\/\/sysdomain.pt\/wp2\/wp-json\/wp\/v2\/comments?post=32"}],"version-history":[{"count":199,"href":"https:\/\/sysdomain.pt\/wp2\/wp-json\/wp\/v2\/pages\/32\/revisions"}],"predecessor-version":[{"id":1755,"href":"https:\/\/sysdomain.pt\/wp2\/wp-json\/wp\/v2\/pages\/32\/revisions\/1755"}],"up":[{"embeddable":true,"href":"https:\/\/sysdomain.pt\/wp2\/wp-json\/wp\/v2\/pages\/36"}],"wp:featuredmedia":[{"embeddable":true,"href":"https:\/\/sysdomain.pt\/wp2\/wp-json\/wp\/v2\/media\/99"}],"wp:attachment":[{"href":"https:\/\/sysdomain.pt\/wp2\/wp-json\/wp\/v2\/media?parent=32"}],"curies":[{"name":"wp","href":"https:\/\/api.w.org\/{rel}","templated":true}]}}