{"id":1804,"date":"2024-11-19T23:07:39","date_gmt":"2024-11-19T23:07:39","guid":{"rendered":"https:\/\/sysdomain.pt\/wp2\/?page_id=1804"},"modified":"2024-11-19T23:08:21","modified_gmt":"2024-11-19T23:08:21","slug":"artigos","status":"publish","type":"page","link":"https:\/\/sysdomain.pt\/wp2\/artigos\/","title":{"rendered":"artigos"},"content":{"rendered":"\t\t<div data-elementor-type=\"wp-page\" data-elementor-id=\"1804\" class=\"elementor elementor-1804\" data-elementor-post-type=\"page\">\n\t\t\t\t<div class=\"elementor-element elementor-element-a1adf75 e-flex e-con-boxed e-con e-parent\" data-id=\"a1adf75\" data-element_type=\"container\">\n\t\t\t\t\t<div class=\"e-con-inner\">\n\t\t\t\t<div class=\"elementor-element elementor-element-d361284 elementor-grid-3 elementor-grid-tablet-2 elementor-grid-mobile-1 elementor-posts--thumbnail-top elementor-card-shadow-yes elementor-posts__hover-gradient elementor-widget elementor-widget-posts\" data-id=\"d361284\" data-element_type=\"widget\" data-settings=\"{&quot;cards_masonry&quot;:&quot;yes&quot;,&quot;cards_row_gap&quot;:{&quot;unit&quot;:&quot;px&quot;,&quot;size&quot;:&quot;&quot;,&quot;sizes&quot;:[]},&quot;cards_columns&quot;:&quot;3&quot;,&quot;cards_columns_tablet&quot;:&quot;2&quot;,&quot;cards_columns_mobile&quot;:&quot;1&quot;,&quot;cards_row_gap_tablet&quot;:{&quot;unit&quot;:&quot;px&quot;,&quot;size&quot;:&quot;&quot;,&quot;sizes&quot;:[]},&quot;cards_row_gap_mobile&quot;:{&quot;unit&quot;:&quot;px&quot;,&quot;size&quot;:&quot;&quot;,&quot;sizes&quot;:[]}}\" data-widget_type=\"posts.cards\">\n\t\t\t\t<div class=\"elementor-widget-container\">\n\t\t\t\t\t\t\t<div class=\"elementor-posts-container elementor-posts elementor-posts--skin-cards elementor-grid\">\n\t\t\t\t<article class=\"elementor-post elementor-grid-item post-1666 post type-post status-publish format-standard has-post-thumbnail hentry category-blog tag-by-srini-raghavan\">\n\t\t\t<div class=\"elementor-post__card\">\n\t\t\t\t<a class=\"elementor-post__thumbnail__link\" href=\"https:\/\/sysdomain.pt\/wp2\/2024\/05\/21\/microsoft-build-2024\/\" tabindex=\"-1\" ><div class=\"elementor-post__thumbnail\"><img fetchpriority=\"high\" decoding=\"async\" width=\"300\" height=\"300\" src=\"https:\/\/sysdomain.pt\/wp2\/wp-content\/uploads\/2024\/11\/artigo-2-300x300.webp\" class=\"attachment-medium size-medium wp-image-1789\" alt=\"\" srcset=\"https:\/\/sysdomain.pt\/wp2\/wp-content\/uploads\/2024\/11\/artigo-2-300x300.webp 300w, https:\/\/sysdomain.pt\/wp2\/wp-content\/uploads\/2024\/11\/artigo-2-150x150.webp 150w, https:\/\/sysdomain.pt\/wp2\/wp-content\/uploads\/2024\/11\/artigo-2-768x768.webp 768w, https:\/\/sysdomain.pt\/wp2\/wp-content\/uploads\/2024\/11\/artigo-2.webp 1024w\" sizes=\"(max-width: 300px) 100vw, 300px\" \/><\/div><\/a>\n\t\t\t\t<div class=\"elementor-post__badge\">Blog<\/div>\n\t\t\t\t<div class=\"elementor-post__text\">\n\t\t\t\t<h3 class=\"elementor-post__title\">\n\t\t\t<a href=\"https:\/\/sysdomain.pt\/wp2\/2024\/05\/21\/microsoft-build-2024\/\" >\n\t\t\t\tmicrosoft-build-2024\t\t\t<\/a>\n\t\t<\/h3>\n\t\t\t\t<div class=\"elementor-post__excerpt\">\n\t\t\t<p>Descubra as novidades do Microsoft Build 2024, o evento global de tecnologia da Microsoft. Explore atualiza\u00e7\u00f5es sobre IA, cloud, Microsoft 365, e Azure, com sess\u00f5es focadas em capacitar desenvolvedores e\t\t<\/div>\n\t\t\n\t\t<a class=\"elementor-post__read-more\" href=\"https:\/\/sysdomain.pt\/wp2\/2024\/05\/21\/microsoft-build-2024\/\" aria-label=\"Read more about microsoft-build-2024\" tabindex=\"-1\" >\n\t\t\tLer Mais \u00bb\t\t<\/a>\n\n\t\t\t\t<\/div>\n\t\t\t\t<div class=\"elementor-post__meta-data\">\n\t\t\t\t\t<span class=\"elementor-post-date\">\n\t\t\tMaio 21, 2024\t\t<\/span>\n\t\t\t\t<\/div>\n\t\t\t\t\t<\/div>\n\t\t<\/article>\n\t\t\t\t<article class=\"elementor-post elementor-grid-item post-1 post type-post status-publish format-standard has-post-thumbnail hentry category-blog category-uncategorized\">\n\t\t\t<div class=\"elementor-post__card\">\n\t\t\t\t<a class=\"elementor-post__thumbnail__link\" href=\"https:\/\/sysdomain.pt\/wp2\/2023\/06\/13\/cria-a-sua-aplicacao\/\" tabindex=\"-1\" ><div class=\"elementor-post__thumbnail\"><img decoding=\"async\" width=\"300\" height=\"171\" src=\"https:\/\/sysdomain.pt\/wp2\/wp-content\/uploads\/2024\/11\/criar_app_sysdomain.02-300x171.webp\" class=\"attachment-medium size-medium wp-image-260\" alt=\"\" srcset=\"https:\/\/sysdomain.pt\/wp2\/wp-content\/uploads\/2024\/11\/criar_app_sysdomain.02-300x171.webp 300w, https:\/\/sysdomain.pt\/wp2\/wp-content\/uploads\/2024\/11\/criar_app_sysdomain.02-1024x585.webp 1024w, https:\/\/sysdomain.pt\/wp2\/wp-content\/uploads\/2024\/11\/criar_app_sysdomain.02-768x439.webp 768w, https:\/\/sysdomain.pt\/wp2\/wp-content\/uploads\/2024\/11\/criar_app_sysdomain.02-1536x878.webp 1536w, https:\/\/sysdomain.pt\/wp2\/wp-content\/uploads\/2024\/11\/criar_app_sysdomain.02.webp 1792w\" sizes=\"(max-width: 300px) 100vw, 300px\" \/><\/div><\/a>\n\t\t\t\t<div class=\"elementor-post__badge\">Blog<\/div>\n\t\t\t\t<div class=\"elementor-post__text\">\n\t\t\t\t<h3 class=\"elementor-post__title\">\n\t\t\t<a href=\"https:\/\/sysdomain.pt\/wp2\/2023\/06\/13\/cria-a-sua-aplicacao\/\" >\n\t\t\t\tCria a Sua Aplica\u00e7\u00e3o\t\t\t<\/a>\n\t\t<\/h3>\n\t\t\t\t<div class=\"elementor-post__excerpt\">\n\t\t\t<p>Aumente a presen\u00e7a da sua marca e impulsione as vendas com uma aplica\u00e7\u00e3o m\u00f3vel pr\u00f3pria. Com o Appy Pie Criador de Aplicativos, criar uma app \u00e9 f\u00e1cil, r\u00e1pido e acess\u00edvel,\t\t<\/div>\n\t\t\n\t\t<a class=\"elementor-post__read-more\" href=\"https:\/\/sysdomain.pt\/wp2\/2023\/06\/13\/cria-a-sua-aplicacao\/\" aria-label=\"Read more about Cria a Sua Aplica\u00e7\u00e3o\" tabindex=\"-1\" >\n\t\t\tLer Mais \u00bb\t\t<\/a>\n\n\t\t\t\t<\/div>\n\t\t\t\t<div class=\"elementor-post__meta-data\">\n\t\t\t\t\t<span class=\"elementor-post-date\">\n\t\t\tJunho 13, 2023\t\t<\/span>\n\t\t\t\t<\/div>\n\t\t\t\t\t<\/div>\n\t\t<\/article>\n\t\t\t\t<\/div>\n\t\t\n\t\t\t\t\t\t<\/div>\n\t\t\t\t<\/div>\n\t\t\t\t\t<\/div>\n\t\t\t\t<\/div>\n\t\t\t\t<\/div>\n\t\t","protected":false},"excerpt":{"rendered":"","protected":false},"author":1,"featured_media":0,"parent":0,"menu_order":0,"comment_status":"closed","ping_status":"closed","template":"elementor_header_footer","meta":{"om_disable_all_campaigns":false,"_monsterinsights_skip_tracking":false,"_monsterinsights_sitenote_active":false,"_monsterinsights_sitenote_note":"","_monsterinsights_sitenote_category":0,"_uf_show_specific_survey":0,"_uf_disable_surveys":false,"footnotes":""},"class_list":["post-1804","page","type-page","status-publish","hentry"],"aioseo_notices":[],"yoast_head":"<!-- This site is optimized with the Yoast SEO plugin v23.7 - https:\/\/yoast.com\/wordpress\/plugins\/seo\/ -->\n<title>artigos - Sysdomain<\/title>\n<meta name=\"robots\" content=\"index, follow, max-snippet:-1, max-image-preview:large, max-video-preview:-1\" \/>\n<link rel=\"canonical\" href=\"https:\/\/sysdomain.pt\/wp2\/artigos\/\" \/>\n<meta property=\"og:locale\" content=\"pt_PT\" \/>\n<meta property=\"og:type\" content=\"article\" \/>\n<meta property=\"og:title\" content=\"artigos - Sysdomain\" \/>\n<meta property=\"og:url\" content=\"https:\/\/sysdomain.pt\/wp2\/artigos\/\" \/>\n<meta property=\"og:site_name\" content=\"Sysdomain\" \/>\n<meta property=\"article:publisher\" content=\"https:\/\/www.facebook.com\/Sysdomain\" \/>\n<meta property=\"article:modified_time\" content=\"2024-11-19T23:08:21+00:00\" \/>\n<meta name=\"twitter:card\" content=\"summary_large_image\" \/>\n<script type=\"application\/ld+json\" class=\"yoast-schema-graph\">{\"@context\":\"https:\/\/schema.org\",\"@graph\":[{\"@type\":\"WebPage\",\"@id\":\"https:\/\/sysdomain.pt\/wp2\/artigos\/\",\"url\":\"https:\/\/sysdomain.pt\/wp2\/artigos\/\",\"name\":\"artigos - Sysdomain\",\"isPartOf\":{\"@id\":\"https:\/\/sysdomain.pt\/wp2\/#website\"},\"datePublished\":\"2024-11-19T23:07:39+00:00\",\"dateModified\":\"2024-11-19T23:08:21+00:00\",\"breadcrumb\":{\"@id\":\"https:\/\/sysdomain.pt\/wp2\/artigos\/#breadcrumb\"},\"inLanguage\":\"pt-PT\",\"potentialAction\":[{\"@type\":\"ReadAction\",\"target\":[\"https:\/\/sysdomain.pt\/wp2\/artigos\/\"]}]},{\"@type\":\"BreadcrumbList\",\"@id\":\"https:\/\/sysdomain.pt\/wp2\/artigos\/#breadcrumb\",\"itemListElement\":[{\"@type\":\"ListItem\",\"position\":1,\"name\":\"In\u00edcio\",\"item\":\"https:\/\/sysdomain.pt\/wp2\/\"},{\"@type\":\"ListItem\",\"position\":2,\"name\":\"artigos\"}]},{\"@type\":\"WebSite\",\"@id\":\"https:\/\/sysdomain.pt\/wp2\/#website\",\"url\":\"https:\/\/sysdomain.pt\/wp2\/\",\"name\":\"Sysdomain\",\"description\":\"My WordPress Blog\",\"publisher\":{\"@id\":\"https:\/\/sysdomain.pt\/wp2\/#organization\"},\"potentialAction\":[{\"@type\":\"SearchAction\",\"target\":{\"@type\":\"EntryPoint\",\"urlTemplate\":\"https:\/\/sysdomain.pt\/wp2\/?s={search_term_string}\"},\"query-input\":{\"@type\":\"PropertyValueSpecification\",\"valueRequired\":true,\"valueName\":\"search_term_string\"}}],\"inLanguage\":\"pt-PT\"},{\"@type\":\"Organization\",\"@id\":\"https:\/\/sysdomain.pt\/wp2\/#organization\",\"name\":\"Sysdomain, Manuten\u00e7\u00e3o de Sistemas Inform\u00e1ticos Unip, Lda\",\"url\":\"https:\/\/sysdomain.pt\/wp2\/\",\"logo\":{\"@type\":\"ImageObject\",\"inLanguage\":\"pt-PT\",\"@id\":\"https:\/\/sysdomain.pt\/wp2\/#\/schema\/logo\/image\/\",\"url\":\"https:\/\/sysdomain.pt\/wp2\/wp-content\/uploads\/2024\/11\/logo-SYSdomain-4-1.bmp\",\"contentUrl\":\"https:\/\/sysdomain.pt\/wp2\/wp-content\/uploads\/2024\/11\/logo-SYSdomain-4-1.bmp\",\"width\":200,\"height\":80,\"caption\":\"Sysdomain, Manuten\u00e7\u00e3o de Sistemas Inform\u00e1ticos Unip, Lda\"},\"image\":{\"@id\":\"https:\/\/sysdomain.pt\/wp2\/#\/schema\/logo\/image\/\"},\"sameAs\":[\"https:\/\/www.facebook.com\/Sysdomain\"]}]}<\/script>\n<!-- \/ Yoast SEO plugin. -->","yoast_head_json":{"title":"artigos - Sysdomain","robots":{"index":"index","follow":"follow","max-snippet":"max-snippet:-1","max-image-preview":"max-image-preview:large","max-video-preview":"max-video-preview:-1"},"canonical":"https:\/\/sysdomain.pt\/wp2\/artigos\/","og_locale":"pt_PT","og_type":"article","og_title":"artigos - Sysdomain","og_url":"https:\/\/sysdomain.pt\/wp2\/artigos\/","og_site_name":"Sysdomain","article_publisher":"https:\/\/www.facebook.com\/Sysdomain","article_modified_time":"2024-11-19T23:08:21+00:00","twitter_card":"summary_large_image","schema":{"@context":"https:\/\/schema.org","@graph":[{"@type":"WebPage","@id":"https:\/\/sysdomain.pt\/wp2\/artigos\/","url":"https:\/\/sysdomain.pt\/wp2\/artigos\/","name":"artigos - Sysdomain","isPartOf":{"@id":"https:\/\/sysdomain.pt\/wp2\/#website"},"datePublished":"2024-11-19T23:07:39+00:00","dateModified":"2024-11-19T23:08:21+00:00","breadcrumb":{"@id":"https:\/\/sysdomain.pt\/wp2\/artigos\/#breadcrumb"},"inLanguage":"pt-PT","potentialAction":[{"@type":"ReadAction","target":["https:\/\/sysdomain.pt\/wp2\/artigos\/"]}]},{"@type":"BreadcrumbList","@id":"https:\/\/sysdomain.pt\/wp2\/artigos\/#breadcrumb","itemListElement":[{"@type":"ListItem","position":1,"name":"In\u00edcio","item":"https:\/\/sysdomain.pt\/wp2\/"},{"@type":"ListItem","position":2,"name":"artigos"}]},{"@type":"WebSite","@id":"https:\/\/sysdomain.pt\/wp2\/#website","url":"https:\/\/sysdomain.pt\/wp2\/","name":"Sysdomain","description":"My WordPress Blog","publisher":{"@id":"https:\/\/sysdomain.pt\/wp2\/#organization"},"potentialAction":[{"@type":"SearchAction","target":{"@type":"EntryPoint","urlTemplate":"https:\/\/sysdomain.pt\/wp2\/?s={search_term_string}"},"query-input":{"@type":"PropertyValueSpecification","valueRequired":true,"valueName":"search_term_string"}}],"inLanguage":"pt-PT"},{"@type":"Organization","@id":"https:\/\/sysdomain.pt\/wp2\/#organization","name":"Sysdomain, Manuten\u00e7\u00e3o de Sistemas Inform\u00e1ticos Unip, Lda","url":"https:\/\/sysdomain.pt\/wp2\/","logo":{"@type":"ImageObject","inLanguage":"pt-PT","@id":"https:\/\/sysdomain.pt\/wp2\/#\/schema\/logo\/image\/","url":"https:\/\/sysdomain.pt\/wp2\/wp-content\/uploads\/2024\/11\/logo-SYSdomain-4-1.bmp","contentUrl":"https:\/\/sysdomain.pt\/wp2\/wp-content\/uploads\/2024\/11\/logo-SYSdomain-4-1.bmp","width":200,"height":80,"caption":"Sysdomain, Manuten\u00e7\u00e3o de Sistemas Inform\u00e1ticos Unip, Lda"},"image":{"@id":"https:\/\/sysdomain.pt\/wp2\/#\/schema\/logo\/image\/"},"sameAs":["https:\/\/www.facebook.com\/Sysdomain"]}]}},"_links":{"self":[{"href":"https:\/\/sysdomain.pt\/wp2\/wp-json\/wp\/v2\/pages\/1804","targetHints":{"allow":["GET"]}}],"collection":[{"href":"https:\/\/sysdomain.pt\/wp2\/wp-json\/wp\/v2\/pages"}],"about":[{"href":"https:\/\/sysdomain.pt\/wp2\/wp-json\/wp\/v2\/types\/page"}],"author":[{"embeddable":true,"href":"https:\/\/sysdomain.pt\/wp2\/wp-json\/wp\/v2\/users\/1"}],"replies":[{"embeddable":true,"href":"https:\/\/sysdomain.pt\/wp2\/wp-json\/wp\/v2\/comments?post=1804"}],"version-history":[{"count":4,"href":"https:\/\/sysdomain.pt\/wp2\/wp-json\/wp\/v2\/pages\/1804\/revisions"}],"predecessor-version":[{"id":1808,"href":"https:\/\/sysdomain.pt\/wp2\/wp-json\/wp\/v2\/pages\/1804\/revisions\/1808"}],"wp:attachment":[{"href":"https:\/\/sysdomain.pt\/wp2\/wp-json\/wp\/v2\/media?parent=1804"}],"curies":[{"name":"wp","href":"https:\/\/api.w.org\/{rel}","templated":true}]}}