{"id":16,"date":"2024-11-04T15:13:02","date_gmt":"2024-11-04T15:13:02","guid":{"rendered":"https:\/\/sysdomain.pt\/wp2\/contact-us\/"},"modified":"2024-11-19T21:41:52","modified_gmt":"2024-11-19T21:41:52","slug":"contactos","status":"publish","type":"page","link":"https:\/\/sysdomain.pt\/wp2\/inicio\/contactos\/","title":{"rendered":"contactos"},"content":{"rendered":"\t\t<div data-elementor-type=\"wp-page\" data-elementor-id=\"16\" class=\"elementor elementor-16\" data-elementor-post-type=\"page\">\n\t\t\t\t<div class=\"elementor-element elementor-element-24c16cf6 e-flex e-con-boxed e-con e-parent\" data-id=\"24c16cf6\" data-element_type=\"container\" data-settings=\"{&quot;background_background&quot;:&quot;classic&quot;,&quot;animation&quot;:&quot;none&quot;}\">\n\t\t\t\t\t<div class=\"e-con-inner\">\n\t\t<div class=\"elementor-element elementor-element-71f79242 e-con-full e-flex e-con e-child\" data-id=\"71f79242\" data-element_type=\"container\">\n\t\t\t\t<div class=\"elementor-element elementor-element-4083a1f8 elementor-widget elementor-widget-heading\" data-id=\"4083a1f8\" data-element_type=\"widget\" data-settings=\"{&quot;_animation&quot;:&quot;none&quot;}\" data-widget_type=\"heading.default\">\n\t\t\t\t<div class=\"elementor-widget-container\">\n\t\t\t\t\t<h2 class=\"elementor-heading-title elementor-size-default\">Contactos<\/h2>\t\t\t\t<\/div>\n\t\t\t\t<\/div>\n\t\t\t\t<\/div>\n\t\t\t\t\t<\/div>\n\t\t\t\t<\/div>\n\t\t<div class=\"elementor-element elementor-element-973d813 e-flex e-con-boxed e-con e-parent\" data-id=\"973d813\" data-element_type=\"container\">\n\t\t\t\t\t<div class=\"e-con-inner\">\n\t\t<div class=\"elementor-element elementor-element-189b96a e-con-full e-flex e-con e-child\" data-id=\"189b96a\" data-element_type=\"container\">\n\t\t\t\t<div class=\"elementor-element elementor-element-c49a11a elementor-icon-list--layout-traditional elementor-list-item-link-full_width elementor-widget elementor-widget-icon-list\" data-id=\"c49a11a\" data-element_type=\"widget\" data-widget_type=\"icon-list.default\">\n\t\t\t\t<div class=\"elementor-widget-container\">\n\t\t\t\t\t\t\t<ul class=\"elementor-icon-list-items\">\n\t\t\t\t\t\t\t<li class=\"elementor-icon-list-item\">\n\t\t\t\t\t\t\t\t\t\t\t<span class=\"elementor-icon-list-icon\">\n\t\t\t\t\t\t\t<svg aria-hidden=\"true\" class=\"e-font-icon-svg e-fas-phone-alt\" viewBox=\"0 0 512 512\" xmlns=\"http:\/\/www.w3.org\/2000\/svg\"><path d=\"M497.39 361.8l-112-48a24 24 0 0 0-28 6.9l-49.6 60.6A370.66 370.66 0 0 1 130.6 204.11l60.6-49.6a23.94 23.94 0 0 0 6.9-28l-48-112A24.16 24.16 0 0 0 122.6.61l-104 24A24 24 0 0 0 0 48c0 256.5 207.9 464 464 464a24 24 0 0 0 23.4-18.6l24-104a24.29 24.29 0 0 0-14.01-27.6z\"><\/path><\/svg>\t\t\t\t\t\t<\/span>\n\t\t\t\t\t\t\t\t\t\t<span class=\"elementor-icon-list-text\">+351 211 924 238 (chamada nacional local)<\/span>\n\t\t\t\t\t\t\t\t\t<\/li>\n\t\t\t\t\t\t\t\t<li class=\"elementor-icon-list-item\">\n\t\t\t\t\t\t\t\t\t\t<span class=\"elementor-icon-list-text\"><b>Email:<\/b> clientes@sysdomain.pt<\/span>\n\t\t\t\t\t\t\t\t\t<\/li>\n\t\t\t\t\t\t\t\t<li class=\"elementor-icon-list-item\">\n\t\t\t\t\t\t\t\t\t\t<span class=\"elementor-icon-list-text\"><b>Morada:<\/b>  Rua Manuel Ferreira 23A  2795-229 Linda-a-Velha<\/span>\n\t\t\t\t\t\t\t\t\t<\/li>\n\t\t\t\t\t\t<\/ul>\n\t\t\t\t\t\t<\/div>\n\t\t\t\t<\/div>\n\t\t\t\t<\/div>\n\t\t<div class=\"elementor-element elementor-element-b7303fa e-con-full e-flex e-con e-child\" data-id=\"b7303fa\" data-element_type=\"container\" data-settings=\"{&quot;animation&quot;:&quot;none&quot;}\">\n\t\t\t\t<div class=\"elementor-element elementor-element-36d3ba6 elementor-widget elementor-widget-google_maps\" data-id=\"36d3ba6\" data-element_type=\"widget\" data-widget_type=\"google_maps.default\">\n\t\t\t\t<div class=\"elementor-widget-container\">\n\t\t\t\t\t\t\t<div class=\"elementor-custom-embed\">\n\t\t\t<iframe loading=\"lazy\"\n\t\t\t\t\tsrc=\"https:\/\/maps.google.com\/maps?q=Rua%20Manuel%20Ferreira%2023A%20%202795-229%20Linda-a-Velha&#038;t=m&#038;z=16&#038;output=embed&#038;iwloc=near\"\n\t\t\t\t\ttitle=\"Rua Manuel Ferreira 23A  2795-229 Linda-a-Velha\"\n\t\t\t\t\taria-label=\"Rua Manuel Ferreira 23A  2795-229 Linda-a-Velha\"\n\t\t\t><\/iframe>\n\t\t<\/div>\n\t\t\t\t\t\t<\/div>\n\t\t\t\t<\/div>\n\t\t\t\t<\/div>\n\t\t\t\t\t<\/div>\n\t\t\t\t<\/div>\n\t\t\t\t<\/div>\n\t\t","protected":false},"excerpt":{"rendered":"<p>Entre em contato com a SysDomain para descobrir como nossas solu\u00e7\u00f5es de TI inovadoras e personalizadas podem transformar a sua empresa. Nossa equipe est\u00e1 pronta para responder \u00e0s suas perguntas e ajudar voc\u00ea a alcan\u00e7ar o sucesso na era digital. Conecte-se conosco agora mesmo.<\/p>\n","protected":false},"author":1,"featured_media":369,"parent":36,"menu_order":0,"comment_status":"closed","ping_status":"closed","template":"elementor_header_footer","meta":{"om_disable_all_campaigns":false,"_monsterinsights_skip_tracking":false,"_monsterinsights_sitenote_active":false,"_monsterinsights_sitenote_note":"","_monsterinsights_sitenote_category":0,"_uf_show_specific_survey":0,"_uf_disable_surveys":false,"footnotes":""},"class_list":["post-16","page","type-page","status-publish","has-post-thumbnail","hentry"],"aioseo_notices":[],"yoast_head":"<!-- This site is optimized with the Yoast SEO plugin v23.7 - https:\/\/yoast.com\/wordpress\/plugins\/seo\/ -->\n<title>contactos - Sysdomain<\/title>\n<meta name=\"robots\" content=\"index, follow, max-snippet:-1, max-image-preview:large, max-video-preview:-1\" \/>\n<link rel=\"canonical\" href=\"https:\/\/sysdomain.pt\/wp2\/inicio\/contactos\/\" \/>\n<meta property=\"og:locale\" content=\"pt_PT\" \/>\n<meta property=\"og:type\" content=\"article\" \/>\n<meta property=\"og:title\" content=\"contactos - Sysdomain\" \/>\n<meta property=\"og:description\" content=\"Entre em contato com a SysDomain para descobrir como nossas solu\u00e7\u00f5es de TI inovadoras e personalizadas podem transformar a sua empresa. Nossa equipe est\u00e1 pronta para responder \u00e0s suas perguntas e ajudar voc\u00ea a alcan\u00e7ar o sucesso na era digital. Conecte-se conosco agora mesmo.\" \/>\n<meta property=\"og:url\" content=\"https:\/\/sysdomain.pt\/wp2\/inicio\/contactos\/\" \/>\n<meta property=\"og:site_name\" content=\"Sysdomain\" \/>\n<meta property=\"article:publisher\" content=\"https:\/\/www.facebook.com\/Sysdomain\" \/>\n<meta property=\"article:modified_time\" content=\"2024-11-19T21:41:52+00:00\" \/>\n<meta property=\"og:image\" content=\"https:\/\/sysdomain.pt\/wp2\/wp-content\/uploads\/2024\/11\/valores_sysdomain.webp\" \/>\n\t<meta property=\"og:image:width\" content=\"1792\" \/>\n\t<meta property=\"og:image:height\" content=\"1024\" \/>\n\t<meta property=\"og:image:type\" content=\"image\/webp\" \/>\n<meta name=\"twitter:card\" content=\"summary_large_image\" \/>\n<meta name=\"twitter:label1\" content=\"Tempo estimado de leitura\" \/>\n\t<meta name=\"twitter:data1\" content=\"1 minuto\" \/>\n<script type=\"application\/ld+json\" class=\"yoast-schema-graph\">{\"@context\":\"https:\/\/schema.org\",\"@graph\":[{\"@type\":\"WebPage\",\"@id\":\"https:\/\/sysdomain.pt\/wp2\/inicio\/contactos\/\",\"url\":\"https:\/\/sysdomain.pt\/wp2\/inicio\/contactos\/\",\"name\":\"contactos - Sysdomain\",\"isPartOf\":{\"@id\":\"https:\/\/sysdomain.pt\/wp2\/#website\"},\"primaryImageOfPage\":{\"@id\":\"https:\/\/sysdomain.pt\/wp2\/inicio\/contactos\/#primaryimage\"},\"image\":{\"@id\":\"https:\/\/sysdomain.pt\/wp2\/inicio\/contactos\/#primaryimage\"},\"thumbnailUrl\":\"https:\/\/sysdomain.pt\/wp2\/wp-content\/uploads\/2024\/11\/valores_sysdomain.webp\",\"datePublished\":\"2024-11-04T15:13:02+00:00\",\"dateModified\":\"2024-11-19T21:41:52+00:00\",\"breadcrumb\":{\"@id\":\"https:\/\/sysdomain.pt\/wp2\/inicio\/contactos\/#breadcrumb\"},\"inLanguage\":\"pt-PT\",\"potentialAction\":[{\"@type\":\"ReadAction\",\"target\":[\"https:\/\/sysdomain.pt\/wp2\/inicio\/contactos\/\"]}]},{\"@type\":\"ImageObject\",\"inLanguage\":\"pt-PT\",\"@id\":\"https:\/\/sysdomain.pt\/wp2\/inicio\/contactos\/#primaryimage\",\"url\":\"https:\/\/sysdomain.pt\/wp2\/wp-content\/uploads\/2024\/11\/valores_sysdomain.webp\",\"contentUrl\":\"https:\/\/sysdomain.pt\/wp2\/wp-content\/uploads\/2024\/11\/valores_sysdomain.webp\",\"width\":1792,\"height\":1024},{\"@type\":\"BreadcrumbList\",\"@id\":\"https:\/\/sysdomain.pt\/wp2\/inicio\/contactos\/#breadcrumb\",\"itemListElement\":[{\"@type\":\"ListItem\",\"position\":1,\"name\":\"In\u00edcio\",\"item\":\"https:\/\/sysdomain.pt\/wp2\/\"},{\"@type\":\"ListItem\",\"position\":2,\"name\":\"inicio\",\"item\":\"https:\/\/sysdomain.pt\/wp2\/\"},{\"@type\":\"ListItem\",\"position\":3,\"name\":\"contactos\"}]},{\"@type\":\"WebSite\",\"@id\":\"https:\/\/sysdomain.pt\/wp2\/#website\",\"url\":\"https:\/\/sysdomain.pt\/wp2\/\",\"name\":\"Sysdomain\",\"description\":\"My WordPress Blog\",\"publisher\":{\"@id\":\"https:\/\/sysdomain.pt\/wp2\/#organization\"},\"potentialAction\":[{\"@type\":\"SearchAction\",\"target\":{\"@type\":\"EntryPoint\",\"urlTemplate\":\"https:\/\/sysdomain.pt\/wp2\/?s={search_term_string}\"},\"query-input\":{\"@type\":\"PropertyValueSpecification\",\"valueRequired\":true,\"valueName\":\"search_term_string\"}}],\"inLanguage\":\"pt-PT\"},{\"@type\":\"Organization\",\"@id\":\"https:\/\/sysdomain.pt\/wp2\/#organization\",\"name\":\"Sysdomain, Manuten\u00e7\u00e3o de Sistemas Inform\u00e1ticos Unip, Lda\",\"url\":\"https:\/\/sysdomain.pt\/wp2\/\",\"logo\":{\"@type\":\"ImageObject\",\"inLanguage\":\"pt-PT\",\"@id\":\"https:\/\/sysdomain.pt\/wp2\/#\/schema\/logo\/image\/\",\"url\":\"https:\/\/sysdomain.pt\/wp2\/wp-content\/uploads\/2024\/11\/logo-SYSdomain-4-1.bmp\",\"contentUrl\":\"https:\/\/sysdomain.pt\/wp2\/wp-content\/uploads\/2024\/11\/logo-SYSdomain-4-1.bmp\",\"width\":200,\"height\":80,\"caption\":\"Sysdomain, Manuten\u00e7\u00e3o de Sistemas Inform\u00e1ticos Unip, Lda\"},\"image\":{\"@id\":\"https:\/\/sysdomain.pt\/wp2\/#\/schema\/logo\/image\/\"},\"sameAs\":[\"https:\/\/www.facebook.com\/Sysdomain\"]}]}<\/script>\n<!-- \/ Yoast SEO plugin. -->","yoast_head_json":{"title":"contactos - Sysdomain","robots":{"index":"index","follow":"follow","max-snippet":"max-snippet:-1","max-image-preview":"max-image-preview:large","max-video-preview":"max-video-preview:-1"},"canonical":"https:\/\/sysdomain.pt\/wp2\/inicio\/contactos\/","og_locale":"pt_PT","og_type":"article","og_title":"contactos - Sysdomain","og_description":"Entre em contato com a SysDomain para descobrir como nossas solu\u00e7\u00f5es de TI inovadoras e personalizadas podem transformar a sua empresa. Nossa equipe est\u00e1 pronta para responder \u00e0s suas perguntas e ajudar voc\u00ea a alcan\u00e7ar o sucesso na era digital. Conecte-se conosco agora mesmo.","og_url":"https:\/\/sysdomain.pt\/wp2\/inicio\/contactos\/","og_site_name":"Sysdomain","article_publisher":"https:\/\/www.facebook.com\/Sysdomain","article_modified_time":"2024-11-19T21:41:52+00:00","og_image":[{"width":1792,"height":1024,"url":"https:\/\/sysdomain.pt\/wp2\/wp-content\/uploads\/2024\/11\/valores_sysdomain.webp","type":"image\/webp"}],"twitter_card":"summary_large_image","twitter_misc":{"Tempo estimado de leitura":"1 minuto"},"schema":{"@context":"https:\/\/schema.org","@graph":[{"@type":"WebPage","@id":"https:\/\/sysdomain.pt\/wp2\/inicio\/contactos\/","url":"https:\/\/sysdomain.pt\/wp2\/inicio\/contactos\/","name":"contactos - Sysdomain","isPartOf":{"@id":"https:\/\/sysdomain.pt\/wp2\/#website"},"primaryImageOfPage":{"@id":"https:\/\/sysdomain.pt\/wp2\/inicio\/contactos\/#primaryimage"},"image":{"@id":"https:\/\/sysdomain.pt\/wp2\/inicio\/contactos\/#primaryimage"},"thumbnailUrl":"https:\/\/sysdomain.pt\/wp2\/wp-content\/uploads\/2024\/11\/valores_sysdomain.webp","datePublished":"2024-11-04T15:13:02+00:00","dateModified":"2024-11-19T21:41:52+00:00","breadcrumb":{"@id":"https:\/\/sysdomain.pt\/wp2\/inicio\/contactos\/#breadcrumb"},"inLanguage":"pt-PT","potentialAction":[{"@type":"ReadAction","target":["https:\/\/sysdomain.pt\/wp2\/inicio\/contactos\/"]}]},{"@type":"ImageObject","inLanguage":"pt-PT","@id":"https:\/\/sysdomain.pt\/wp2\/inicio\/contactos\/#primaryimage","url":"https:\/\/sysdomain.pt\/wp2\/wp-content\/uploads\/2024\/11\/valores_sysdomain.webp","contentUrl":"https:\/\/sysdomain.pt\/wp2\/wp-content\/uploads\/2024\/11\/valores_sysdomain.webp","width":1792,"height":1024},{"@type":"BreadcrumbList","@id":"https:\/\/sysdomain.pt\/wp2\/inicio\/contactos\/#breadcrumb","itemListElement":[{"@type":"ListItem","position":1,"name":"In\u00edcio","item":"https:\/\/sysdomain.pt\/wp2\/"},{"@type":"ListItem","position":2,"name":"inicio","item":"https:\/\/sysdomain.pt\/wp2\/"},{"@type":"ListItem","position":3,"name":"contactos"}]},{"@type":"WebSite","@id":"https:\/\/sysdomain.pt\/wp2\/#website","url":"https:\/\/sysdomain.pt\/wp2\/","name":"Sysdomain","description":"My WordPress Blog","publisher":{"@id":"https:\/\/sysdomain.pt\/wp2\/#organization"},"potentialAction":[{"@type":"SearchAction","target":{"@type":"EntryPoint","urlTemplate":"https:\/\/sysdomain.pt\/wp2\/?s={search_term_string}"},"query-input":{"@type":"PropertyValueSpecification","valueRequired":true,"valueName":"search_term_string"}}],"inLanguage":"pt-PT"},{"@type":"Organization","@id":"https:\/\/sysdomain.pt\/wp2\/#organization","name":"Sysdomain, Manuten\u00e7\u00e3o de Sistemas Inform\u00e1ticos Unip, Lda","url":"https:\/\/sysdomain.pt\/wp2\/","logo":{"@type":"ImageObject","inLanguage":"pt-PT","@id":"https:\/\/sysdomain.pt\/wp2\/#\/schema\/logo\/image\/","url":"https:\/\/sysdomain.pt\/wp2\/wp-content\/uploads\/2024\/11\/logo-SYSdomain-4-1.bmp","contentUrl":"https:\/\/sysdomain.pt\/wp2\/wp-content\/uploads\/2024\/11\/logo-SYSdomain-4-1.bmp","width":200,"height":80,"caption":"Sysdomain, Manuten\u00e7\u00e3o de Sistemas Inform\u00e1ticos Unip, Lda"},"image":{"@id":"https:\/\/sysdomain.pt\/wp2\/#\/schema\/logo\/image\/"},"sameAs":["https:\/\/www.facebook.com\/Sysdomain"]}]}},"_links":{"self":[{"href":"https:\/\/sysdomain.pt\/wp2\/wp-json\/wp\/v2\/pages\/16","targetHints":{"allow":["GET"]}}],"collection":[{"href":"https:\/\/sysdomain.pt\/wp2\/wp-json\/wp\/v2\/pages"}],"about":[{"href":"https:\/\/sysdomain.pt\/wp2\/wp-json\/wp\/v2\/types\/page"}],"author":[{"embeddable":true,"href":"https:\/\/sysdomain.pt\/wp2\/wp-json\/wp\/v2\/users\/1"}],"replies":[{"embeddable":true,"href":"https:\/\/sysdomain.pt\/wp2\/wp-json\/wp\/v2\/comments?post=16"}],"version-history":[{"count":52,"href":"https:\/\/sysdomain.pt\/wp2\/wp-json\/wp\/v2\/pages\/16\/revisions"}],"predecessor-version":[{"id":1774,"href":"https:\/\/sysdomain.pt\/wp2\/wp-json\/wp\/v2\/pages\/16\/revisions\/1774"}],"up":[{"embeddable":true,"href":"https:\/\/sysdomain.pt\/wp2\/wp-json\/wp\/v2\/pages\/36"}],"wp:featuredmedia":[{"embeddable":true,"href":"https:\/\/sysdomain.pt\/wp2\/wp-json\/wp\/v2\/media\/369"}],"wp:attachment":[{"href":"https:\/\/sysdomain.pt\/wp2\/wp-json\/wp\/v2\/media?parent=16"}],"curies":[{"name":"wp","href":"https:\/\/api.w.org\/{rel}","templated":true}]}}